{"id":3148,"date":"2019-06-05T17:02:48","date_gmt":"2019-06-05T15:02:48","guid":{"rendered":"https:\/\/janvier-labs.com\/?page_id=3148"},"modified":"2022-01-24T14:23:03","modified_gmt":"2022-01-24T13:23:03","slug":"an-optimal-management-of-genetics-a-unique-concept-2","status":"publish","type":"page","link":"https:\/\/janvier-labs.com\/en\/an-optimal-management-of-genetics-a-unique-concept-2\/","title":{"rendered":"An optimal management of genetics"},"content":{"rendered":"","protected":false},"excerpt":{"rendered":"","protected":false},"author":14,"featured_media":3587,"parent":0,"menu_order":0,"comment_status":"closed","ping_status":"closed","template":"","meta":{"_acf_changed":false,"ocean_post_layout":"","ocean_both_sidebars_style":"","ocean_both_sidebars_content_width":0,"ocean_both_sidebars_sidebars_width":0,"ocean_sidebar":"0","ocean_second_sidebar":"0","ocean_disable_margins":"enable","ocean_add_body_class":"","ocean_shortcode_before_top_bar":"","ocean_shortcode_after_top_bar":"","ocean_shortcode_before_header":"","ocean_shortcode_after_header":"","ocean_has_shortcode":"","ocean_shortcode_after_title":"","ocean_shortcode_before_footer_widgets":"","ocean_shortcode_after_footer_widgets":"","ocean_shortcode_before_footer_bottom":"","ocean_shortcode_after_footer_bottom":"","ocean_display_top_bar":"default","ocean_display_header":"default","ocean_header_style":"","ocean_center_header_left_menu":"0","ocean_custom_header_template":"0","ocean_custom_logo":0,"ocean_custom_retina_logo":0,"ocean_custom_logo_max_width":0,"ocean_custom_logo_tablet_max_width":0,"ocean_custom_logo_mobile_max_width":0,"ocean_custom_logo_max_height":0,"ocean_custom_logo_tablet_max_height":0,"ocean_custom_logo_mobile_max_height":0,"ocean_header_custom_menu":"0","ocean_menu_typo_font_family":"0","ocean_menu_typo_font_subset":"","ocean_menu_typo_font_size":0,"ocean_menu_typo_font_size_tablet":0,"ocean_menu_typo_font_size_mobile":0,"ocean_menu_typo_font_size_unit":"px","ocean_menu_typo_font_weight":"","ocean_menu_typo_font_weight_tablet":"","ocean_menu_typo_font_weight_mobile":"","ocean_menu_typo_transform":"","ocean_menu_typo_transform_tablet":"","ocean_menu_typo_transform_mobile":"","ocean_menu_typo_line_height":0,"ocean_menu_typo_line_height_tablet":0,"ocean_menu_typo_line_height_mobile":0,"ocean_menu_typo_line_height_unit":"","ocean_menu_typo_spacing":0,"ocean_menu_typo_spacing_tablet":0,"ocean_menu_typo_spacing_mobile":0,"ocean_menu_typo_spacing_unit":"","ocean_menu_link_color":"","ocean_menu_link_color_hover":"","ocean_menu_link_color_active":"","ocean_menu_link_background":"","ocean_menu_link_hover_background":"","ocean_menu_link_active_background":"","ocean_menu_social_links_bg":"","ocean_menu_social_hover_links_bg":"","ocean_menu_social_links_color":"","ocean_menu_social_hover_links_color":"","ocean_disable_title":"default","ocean_disable_heading":"default","ocean_post_title":"","ocean_post_subheading":"","ocean_post_title_style":"","ocean_post_title_background_color":"","ocean_post_title_background":0,"ocean_post_title_bg_image_position":"","ocean_post_title_bg_image_attachment":"","ocean_post_title_bg_image_repeat":"","ocean_post_title_bg_image_size":"","ocean_post_title_height":0,"ocean_post_title_bg_overlay":0.5,"ocean_post_title_bg_overlay_color":"","ocean_disable_breadcrumbs":"default","ocean_breadcrumbs_color":"","ocean_breadcrumbs_separator_color":"","ocean_breadcrumbs_links_color":"","ocean_breadcrumbs_links_hover_color":"","ocean_display_footer_widgets":"default","ocean_display_footer_bottom":"default","ocean_custom_footer_template":"0","footnotes":""},"class_list":["post-3148","page","type-page","status-publish","has-post-thumbnail","hentry","entry","has-media"],"acf":[],"yoast_head":"<!-- This site is optimized with the Yoast SEO plugin v27.5 - https:\/\/yoast.com\/product\/yoast-seo-wordpress\/ -->\n<title>An optimal management of genetics - Janvier Labs<\/title>\n<meta name=\"description\" content=\"Nos g\u00e9n\u00e9ticiens savent \u00e0 quel point les animaux que JANVIER LABS vous livre se doivent d\u2019avoir la plus grand fiabilit\u00e9 g\u00e9n\u00e9tique pour vous assurer une parfaite homog\u00e9n\u00e9it\u00e9 des lots n\u00e9cessaires \u00e0 vos \u00e9tudes. Elle est une condition essentielle pour une recherche m\u00e9dicale efficace et des r\u00e9sultats fiables.\" \/>\n<meta name=\"robots\" content=\"index, follow, max-snippet:-1, max-image-preview:large, max-video-preview:-1\" \/>\n<link rel=\"canonical\" href=\"https:\/\/janvier-labs.com\/en\/an-optimal-management-of-genetics-a-unique-concept-2\/\" \/>\n<meta property=\"og:locale\" content=\"en_US\" \/>\n<meta property=\"og:type\" content=\"article\" \/>\n<meta property=\"og:title\" content=\"An optimal management of genetics - Janvier Labs\" \/>\n<meta property=\"og:description\" content=\"Nos g\u00e9n\u00e9ticiens savent \u00e0 quel point les animaux que JANVIER LABS vous livre se doivent d\u2019avoir la plus grand fiabilit\u00e9 g\u00e9n\u00e9tique pour vous assurer une parfaite homog\u00e9n\u00e9it\u00e9 des lots n\u00e9cessaires \u00e0 vos \u00e9tudes. Elle est une condition essentielle pour une recherche m\u00e9dicale efficace et des r\u00e9sultats fiables.\" \/>\n<meta property=\"og:url\" content=\"https:\/\/janvier-labs.com\/en\/an-optimal-management-of-genetics-a-unique-concept-2\/\" \/>\n<meta property=\"og:site_name\" content=\"Janvier Labs\" \/>\n<meta property=\"article:modified_time\" content=\"2022-01-24T13:23:03+00:00\" \/>\n<meta property=\"og:image\" content=\"https:\/\/janvier-labs.com\/wp-content\/uploads\/Stabilit\u00e9_g\u00e9n\u00e9tique_souris_rats_iStock.jpg\" \/>\n\t<meta property=\"og:image:width\" content=\"1108\" \/>\n\t<meta property=\"og:image:height\" content=\"739\" \/>\n\t<meta property=\"og:image:type\" content=\"image\/jpeg\" \/>\n<meta name=\"twitter:card\" content=\"summary_large_image\" \/>\n<script type=\"application\/ld+json\" class=\"yoast-schema-graph\">{\"@context\":\"https:\\\/\\\/schema.org\",\"@graph\":[{\"@type\":\"WebPage\",\"@id\":\"https:\\\/\\\/janvier-labs.com\\\/en\\\/an-optimal-management-of-genetics-a-unique-concept-2\\\/\",\"url\":\"https:\\\/\\\/janvier-labs.com\\\/en\\\/an-optimal-management-of-genetics-a-unique-concept-2\\\/\",\"name\":\"An optimal management of genetics - Janvier Labs\",\"isPartOf\":{\"@id\":\"https:\\\/\\\/janvier-labs.com\\\/en\\\/#website\"},\"primaryImageOfPage\":{\"@id\":\"https:\\\/\\\/janvier-labs.com\\\/en\\\/an-optimal-management-of-genetics-a-unique-concept-2\\\/#primaryimage\"},\"image\":{\"@id\":\"https:\\\/\\\/janvier-labs.com\\\/en\\\/an-optimal-management-of-genetics-a-unique-concept-2\\\/#primaryimage\"},\"thumbnailUrl\":\"https:\\\/\\\/janvier-labs.com\\\/wp-content\\\/uploads\\\/Stabilit\u00e9_g\u00e9n\u00e9tique_souris_rats_iStock.jpg\",\"datePublished\":\"2019-06-05T15:02:48+00:00\",\"dateModified\":\"2022-01-24T13:23:03+00:00\",\"description\":\"Nos g\u00e9n\u00e9ticiens savent \u00e0 quel point les animaux que JANVIER LABS vous livre se doivent d\u2019avoir la plus grand fiabilit\u00e9 g\u00e9n\u00e9tique pour vous assurer une parfaite homog\u00e9n\u00e9it\u00e9 des lots n\u00e9cessaires \u00e0 vos \u00e9tudes. Elle est une condition essentielle pour une recherche m\u00e9dicale efficace et des r\u00e9sultats fiables.\",\"breadcrumb\":{\"@id\":\"https:\\\/\\\/janvier-labs.com\\\/en\\\/an-optimal-management-of-genetics-a-unique-concept-2\\\/#breadcrumb\"},\"inLanguage\":\"en-US\",\"potentialAction\":[{\"@type\":\"ReadAction\",\"target\":[\"https:\\\/\\\/janvier-labs.com\\\/en\\\/an-optimal-management-of-genetics-a-unique-concept-2\\\/\"]}]},{\"@type\":\"ImageObject\",\"inLanguage\":\"en-US\",\"@id\":\"https:\\\/\\\/janvier-labs.com\\\/en\\\/an-optimal-management-of-genetics-a-unique-concept-2\\\/#primaryimage\",\"url\":\"https:\\\/\\\/janvier-labs.com\\\/wp-content\\\/uploads\\\/Stabilit\u00e9_g\u00e9n\u00e9tique_souris_rats_iStock.jpg\",\"contentUrl\":\"https:\\\/\\\/janvier-labs.com\\\/wp-content\\\/uploads\\\/Stabilit\u00e9_g\u00e9n\u00e9tique_souris_rats_iStock.jpg\",\"width\":1108,\"height\":739,\"caption\":\"Doctor Hand showing dna . Concept of research and testing.\"},{\"@type\":\"BreadcrumbList\",\"@id\":\"https:\\\/\\\/janvier-labs.com\\\/en\\\/an-optimal-management-of-genetics-a-unique-concept-2\\\/#breadcrumb\",\"itemListElement\":[{\"@type\":\"ListItem\",\"position\":1,\"name\":\"Accueil\",\"item\":\"https:\\\/\\\/janvier-labs.com\\\/en\\\/\"},{\"@type\":\"ListItem\",\"position\":2,\"name\":\"An optimal management of genetics\",\"item\":\"https:\\\/\\\/janvier-labs.com\\\/en\\\/an-optimal-management-of-genetics-a-unique-concept-2\\\/\"},{\"@type\":\"ListItem\",\"position\":3,\"name\":\"An optimal management of genetics\"}]},{\"@type\":\"WebSite\",\"@id\":\"https:\\\/\\\/janvier-labs.com\\\/en\\\/#website\",\"url\":\"https:\\\/\\\/janvier-labs.com\\\/en\\\/\",\"name\":\"Janvier Labs\",\"description\":\"Expertise in Rodent Research Models\",\"publisher\":{\"@id\":\"https:\\\/\\\/janvier-labs.com\\\/en\\\/#organization\"},\"potentialAction\":[{\"@type\":\"SearchAction\",\"target\":{\"@type\":\"EntryPoint\",\"urlTemplate\":\"https:\\\/\\\/janvier-labs.com\\\/en\\\/?s={search_term_string}\"},\"query-input\":{\"@type\":\"PropertyValueSpecification\",\"valueRequired\":true,\"valueName\":\"search_term_string\"}}],\"inLanguage\":\"en-US\"},{\"@type\":\"Organization\",\"@id\":\"https:\\\/\\\/janvier-labs.com\\\/en\\\/#organization\",\"name\":\"Janvier Labs\",\"url\":\"https:\\\/\\\/janvier-labs.com\\\/en\\\/\",\"logo\":{\"@type\":\"ImageObject\",\"inLanguage\":\"en-US\",\"@id\":\"https:\\\/\\\/janvier-labs.com\\\/en\\\/#\\\/schema\\\/logo\\\/image\\\/\",\"url\":\"https:\\\/\\\/janvier-labs.com\\\/wp-content\\\/uploads\\\/Logo-JL-Couleur-JANVIER-GROUP-500px-smallerJG.webp\",\"contentUrl\":\"https:\\\/\\\/janvier-labs.com\\\/wp-content\\\/uploads\\\/Logo-JL-Couleur-JANVIER-GROUP-500px-smallerJG.webp\",\"width\":500,\"height\":279,\"caption\":\"Janvier Labs\"},\"image\":{\"@id\":\"https:\\\/\\\/janvier-labs.com\\\/en\\\/#\\\/schema\\\/logo\\\/image\\\/\"}}]}<\/script>\n<!-- \/ Yoast SEO plugin. -->","yoast_head_json":{"title":"An optimal management of genetics - Janvier Labs","description":"Nos g\u00e9n\u00e9ticiens savent \u00e0 quel point les animaux que JANVIER LABS vous livre se doivent d\u2019avoir la plus grand fiabilit\u00e9 g\u00e9n\u00e9tique pour vous assurer une parfaite homog\u00e9n\u00e9it\u00e9 des lots n\u00e9cessaires \u00e0 vos \u00e9tudes. Elle est une condition essentielle pour une recherche m\u00e9dicale efficace et des r\u00e9sultats fiables.","robots":{"index":"index","follow":"follow","max-snippet":"max-snippet:-1","max-image-preview":"max-image-preview:large","max-video-preview":"max-video-preview:-1"},"canonical":"https:\/\/janvier-labs.com\/en\/an-optimal-management-of-genetics-a-unique-concept-2\/","og_locale":"en_US","og_type":"article","og_title":"An optimal management of genetics - Janvier Labs","og_description":"Nos g\u00e9n\u00e9ticiens savent \u00e0 quel point les animaux que JANVIER LABS vous livre se doivent d\u2019avoir la plus grand fiabilit\u00e9 g\u00e9n\u00e9tique pour vous assurer une parfaite homog\u00e9n\u00e9it\u00e9 des lots n\u00e9cessaires \u00e0 vos \u00e9tudes. Elle est une condition essentielle pour une recherche m\u00e9dicale efficace et des r\u00e9sultats fiables.","og_url":"https:\/\/janvier-labs.com\/en\/an-optimal-management-of-genetics-a-unique-concept-2\/","og_site_name":"Janvier Labs","article_modified_time":"2022-01-24T13:23:03+00:00","og_image":[{"width":1108,"height":739,"url":"https:\/\/janvier-labs.com\/wp-content\/uploads\/Stabilit\u00e9_g\u00e9n\u00e9tique_souris_rats_iStock.jpg","type":"image\/jpeg"}],"twitter_card":"summary_large_image","schema":{"@context":"https:\/\/schema.org","@graph":[{"@type":"WebPage","@id":"https:\/\/janvier-labs.com\/en\/an-optimal-management-of-genetics-a-unique-concept-2\/","url":"https:\/\/janvier-labs.com\/en\/an-optimal-management-of-genetics-a-unique-concept-2\/","name":"An optimal management of genetics - Janvier Labs","isPartOf":{"@id":"https:\/\/janvier-labs.com\/en\/#website"},"primaryImageOfPage":{"@id":"https:\/\/janvier-labs.com\/en\/an-optimal-management-of-genetics-a-unique-concept-2\/#primaryimage"},"image":{"@id":"https:\/\/janvier-labs.com\/en\/an-optimal-management-of-genetics-a-unique-concept-2\/#primaryimage"},"thumbnailUrl":"https:\/\/janvier-labs.com\/wp-content\/uploads\/Stabilit\u00e9_g\u00e9n\u00e9tique_souris_rats_iStock.jpg","datePublished":"2019-06-05T15:02:48+00:00","dateModified":"2022-01-24T13:23:03+00:00","description":"Nos g\u00e9n\u00e9ticiens savent \u00e0 quel point les animaux que JANVIER LABS vous livre se doivent d\u2019avoir la plus grand fiabilit\u00e9 g\u00e9n\u00e9tique pour vous assurer une parfaite homog\u00e9n\u00e9it\u00e9 des lots n\u00e9cessaires \u00e0 vos \u00e9tudes. Elle est une condition essentielle pour une recherche m\u00e9dicale efficace et des r\u00e9sultats fiables.","breadcrumb":{"@id":"https:\/\/janvier-labs.com\/en\/an-optimal-management-of-genetics-a-unique-concept-2\/#breadcrumb"},"inLanguage":"en-US","potentialAction":[{"@type":"ReadAction","target":["https:\/\/janvier-labs.com\/en\/an-optimal-management-of-genetics-a-unique-concept-2\/"]}]},{"@type":"ImageObject","inLanguage":"en-US","@id":"https:\/\/janvier-labs.com\/en\/an-optimal-management-of-genetics-a-unique-concept-2\/#primaryimage","url":"https:\/\/janvier-labs.com\/wp-content\/uploads\/Stabilit\u00e9_g\u00e9n\u00e9tique_souris_rats_iStock.jpg","contentUrl":"https:\/\/janvier-labs.com\/wp-content\/uploads\/Stabilit\u00e9_g\u00e9n\u00e9tique_souris_rats_iStock.jpg","width":1108,"height":739,"caption":"Doctor Hand showing dna . Concept of research and testing."},{"@type":"BreadcrumbList","@id":"https:\/\/janvier-labs.com\/en\/an-optimal-management-of-genetics-a-unique-concept-2\/#breadcrumb","itemListElement":[{"@type":"ListItem","position":1,"name":"Accueil","item":"https:\/\/janvier-labs.com\/en\/"},{"@type":"ListItem","position":2,"name":"An optimal management of genetics","item":"https:\/\/janvier-labs.com\/en\/an-optimal-management-of-genetics-a-unique-concept-2\/"},{"@type":"ListItem","position":3,"name":"An optimal management of genetics"}]},{"@type":"WebSite","@id":"https:\/\/janvier-labs.com\/en\/#website","url":"https:\/\/janvier-labs.com\/en\/","name":"Janvier Labs","description":"Expertise in Rodent Research Models","publisher":{"@id":"https:\/\/janvier-labs.com\/en\/#organization"},"potentialAction":[{"@type":"SearchAction","target":{"@type":"EntryPoint","urlTemplate":"https:\/\/janvier-labs.com\/en\/?s={search_term_string}"},"query-input":{"@type":"PropertyValueSpecification","valueRequired":true,"valueName":"search_term_string"}}],"inLanguage":"en-US"},{"@type":"Organization","@id":"https:\/\/janvier-labs.com\/en\/#organization","name":"Janvier Labs","url":"https:\/\/janvier-labs.com\/en\/","logo":{"@type":"ImageObject","inLanguage":"en-US","@id":"https:\/\/janvier-labs.com\/en\/#\/schema\/logo\/image\/","url":"https:\/\/janvier-labs.com\/wp-content\/uploads\/Logo-JL-Couleur-JANVIER-GROUP-500px-smallerJG.webp","contentUrl":"https:\/\/janvier-labs.com\/wp-content\/uploads\/Logo-JL-Couleur-JANVIER-GROUP-500px-smallerJG.webp","width":500,"height":279,"caption":"Janvier Labs"},"image":{"@id":"https:\/\/janvier-labs.com\/en\/#\/schema\/logo\/image\/"}}]}},"_links":{"self":[{"href":"https:\/\/janvier-labs.com\/en\/wp-json\/wp\/v2\/pages\/3148","targetHints":{"allow":["GET"]}}],"collection":[{"href":"https:\/\/janvier-labs.com\/en\/wp-json\/wp\/v2\/pages"}],"about":[{"href":"https:\/\/janvier-labs.com\/en\/wp-json\/wp\/v2\/types\/page"}],"author":[{"embeddable":true,"href":"https:\/\/janvier-labs.com\/en\/wp-json\/wp\/v2\/users\/14"}],"replies":[{"embeddable":true,"href":"https:\/\/janvier-labs.com\/en\/wp-json\/wp\/v2\/comments?post=3148"}],"version-history":[{"count":9,"href":"https:\/\/janvier-labs.com\/en\/wp-json\/wp\/v2\/pages\/3148\/revisions"}],"predecessor-version":[{"id":12673,"href":"https:\/\/janvier-labs.com\/en\/wp-json\/wp\/v2\/pages\/3148\/revisions\/12673"}],"wp:featuredmedia":[{"embeddable":true,"href":"https:\/\/janvier-labs.com\/en\/wp-json\/wp\/v2\/media\/3587"}],"wp:attachment":[{"href":"https:\/\/janvier-labs.com\/en\/wp-json\/wp\/v2\/media?parent=3148"}],"curies":[{"name":"wp","href":"https:\/\/api.w.org\/{rel}","templated":true}]}}